{"id":26145,"date":"2025-11-29T13:14:03","date_gmt":"2025-11-29T19:14:03","guid":{"rendered":"https:\/\/amesa.grupoibiz.com.mx\/producto\/cable-28h-cobre-p-pararrayos-trenzado-2\/"},"modified":"2025-12-01T11:58:49","modified_gmt":"2025-12-01T17:58:49","slug":"cable-28h-cobre-p-pararrayos-trenzado-2","status":"publish","type":"product","link":"https:\/\/amesa.grupoibiz.com.mx\/en\/product\/cable-28h-cobre-p-pararrayos-trenzado-2\/","title":{"rendered":"CABLE 28H COBRE P\/PARARRAYOS TRENZADO"},"content":{"rendered":"<p>es un cable desnudo de cobre con temple suave, calibre 14 AWG, conformado por 28 hilos. Est\u00e1 dise\u00f1ado para aplicaciones en sistemas de puesta a tierra y pararrayos, gracias a su alta conductividad el\u00e9ctrica y flexibilidad. Su di\u00e1metro nominal es de aproximadamente 1.63 mm, con un \u00e1rea transversal estimada de 2.08 mm\u00b2 y una resistencia el\u00e9ctrica cercana a 8.28 ohmios por kil\u00f3metro a 20\u202f\u00b0C. Tiene un peso aproximado de 18.5 kg por kil\u00f3metro y cumple con normas como NOM-063-SCFI y NMX-J-010-ANCE.<\/p>\n","protected":false},"excerpt":{"rendered":"<p>es un cable desnudo de cobre con temple suave, calibre 14 AWG, conformado por 28 hilos. Est\u00e1 dise\u00f1ad&#8230;<\/p>\n","protected":false},"featured_media":26138,"comment_status":"open","ping_status":"closed","template":"","meta":{"_joinchat":[]},"product_brand":[],"product_cat":[75],"product_tag":[158],"class_list":{"0":"post-26145","1":"product","2":"type-product","3":"status-publish","4":"has-post-thumbnail","6":"product_cat-sistemas-de-tierras-y-pararrayos","7":"product_tag-en","9":"first","10":"instock","11":"taxable","12":"shipping-taxable","13":"purchasable","14":"product-type-simple"},"_links":{"self":[{"href":"https:\/\/amesa.grupoibiz.com.mx\/en\/wp-json\/wp\/v2\/product\/26145","targetHints":{"allow":["GET"]}}],"collection":[{"href":"https:\/\/amesa.grupoibiz.com.mx\/en\/wp-json\/wp\/v2\/product"}],"about":[{"href":"https:\/\/amesa.grupoibiz.com.mx\/en\/wp-json\/wp\/v2\/types\/product"}],"replies":[{"embeddable":true,"href":"https:\/\/amesa.grupoibiz.com.mx\/en\/wp-json\/wp\/v2\/comments?post=26145"}],"wp:featuredmedia":[{"embeddable":true,"href":"https:\/\/amesa.grupoibiz.com.mx\/en\/wp-json\/wp\/v2\/media\/26138"}],"wp:attachment":[{"href":"https:\/\/amesa.grupoibiz.com.mx\/en\/wp-json\/wp\/v2\/media?parent=26145"}],"wp:term":[{"taxonomy":"product_brand","embeddable":true,"href":"https:\/\/amesa.grupoibiz.com.mx\/en\/wp-json\/wp\/v2\/product_brand?post=26145"},{"taxonomy":"product_cat","embeddable":true,"href":"https:\/\/amesa.grupoibiz.com.mx\/en\/wp-json\/wp\/v2\/product_cat?post=26145"},{"taxonomy":"product_tag","embeddable":true,"href":"https:\/\/amesa.grupoibiz.com.mx\/en\/wp-json\/wp\/v2\/product_tag?post=26145"}],"curies":[{"name":"wp","href":"https:\/\/api.w.org\/{rel}","templated":true}]}}