{"id":26151,"date":"2025-11-29T13:14:16","date_gmt":"2025-11-29T19:14:16","guid":{"rendered":"https:\/\/amesa.grupoibiz.com.mx\/producto\/electrodo-2-1-2x1-20-amesa-rod-2\/"},"modified":"2025-12-10T02:35:41","modified_gmt":"2025-12-10T08:35:41","slug":"electrodo-2-1-2x1-20-amesa-rod-2","status":"publish","type":"product","link":"https:\/\/amesa.grupoibiz.com.mx\/en\/product\/electrodo-2-1-2x1-20-amesa-rod-2\/","title":{"rendered":"ELECTRODO 2 1\/2&#215;1.20 AMESA ROD"},"content":{"rendered":"<p>Electrodo fabricado con materiales de cobre de alta pureza en un dise\u00f1o que cubre los requerimientos de los m\u00e1s avanzados sistemas de tierra para la protecci\u00f3n de sistemas de c\u00f3mputo, industria electr\u00f3nica, industria en general y construcciones.<\/p>\n","protected":false},"excerpt":{"rendered":"<p>Electrodo fabricado con materiales de cobre de alta pureza en un dise\u00f1o que cubre los requerimientos&#8230;<\/p>\n","protected":false},"featured_media":26146,"comment_status":"open","ping_status":"closed","template":"","meta":{"_joinchat":[]},"product_brand":[],"product_cat":[75],"product_tag":[158],"class_list":{"0":"post-26151","1":"product","2":"type-product","3":"status-publish","4":"has-post-thumbnail","6":"product_cat-sistemas-de-tierras-y-pararrayos","7":"product_tag-en","9":"first","10":"instock","11":"taxable","12":"shipping-taxable","13":"purchasable","14":"product-type-simple"},"_links":{"self":[{"href":"https:\/\/amesa.grupoibiz.com.mx\/en\/wp-json\/wp\/v2\/product\/26151","targetHints":{"allow":["GET"]}}],"collection":[{"href":"https:\/\/amesa.grupoibiz.com.mx\/en\/wp-json\/wp\/v2\/product"}],"about":[{"href":"https:\/\/amesa.grupoibiz.com.mx\/en\/wp-json\/wp\/v2\/types\/product"}],"replies":[{"embeddable":true,"href":"https:\/\/amesa.grupoibiz.com.mx\/en\/wp-json\/wp\/v2\/comments?post=26151"}],"wp:featuredmedia":[{"embeddable":true,"href":"https:\/\/amesa.grupoibiz.com.mx\/en\/wp-json\/wp\/v2\/media\/26146"}],"wp:attachment":[{"href":"https:\/\/amesa.grupoibiz.com.mx\/en\/wp-json\/wp\/v2\/media?parent=26151"}],"wp:term":[{"taxonomy":"product_brand","embeddable":true,"href":"https:\/\/amesa.grupoibiz.com.mx\/en\/wp-json\/wp\/v2\/product_brand?post=26151"},{"taxonomy":"product_cat","embeddable":true,"href":"https:\/\/amesa.grupoibiz.com.mx\/en\/wp-json\/wp\/v2\/product_cat?post=26151"},{"taxonomy":"product_tag","embeddable":true,"href":"https:\/\/amesa.grupoibiz.com.mx\/en\/wp-json\/wp\/v2\/product_tag?post=26151"}],"curies":[{"name":"wp","href":"https:\/\/api.w.org\/{rel}","templated":true}]}}