{"id":26163,"date":"2025-11-29T13:14:39","date_gmt":"2025-11-29T19:14:39","guid":{"rendered":"https:\/\/amesa.grupoibiz.com.mx\/producto\/tmax-link-barras-1600a-nema1-zapata-2\/"},"modified":"2025-11-29T13:14:46","modified_gmt":"2025-11-29T19:14:46","slug":"tmax-link-barras-1600a-nema1-zapata-2","status":"publish","type":"product","link":"https:\/\/amesa.grupoibiz.com.mx\/en\/product\/tmax-link-barras-1600a-nema1-zapata-2\/","title":{"rendered":"TMAX LINK, BARRAS 1600A, NEMA1, ZAPATA"},"content":{"rendered":"<p>El Tmax Link de ABB es un tablero de distribuci\u00f3n en baja tensi\u00f3n tipo Switchboard autosoportado de frente muerto para servicio interior (grado de protecci\u00f3n NEMA 1), con barras principales de cobre electrol\u00edtico esta\u00f1ado\/<br \/>\nplateado y fabricado en l\u00e1mina de acero rolada en fr\u00edo con acabados en recubrimiento de pintura electrost\u00e1tica a base de polvo ep\u00f3xico, color Gris ANSI 61 y de acuerdo con las normas NMX-J y NOM vigentes.<\/p>\n<p>\u2022 NMX-J-118\/2 ANCE 2007 y\/o NMX-J-580-ANCE-2006<br \/>\n\u2022 NMX-J-235\/1 ANCE 2000<\/p>\n","protected":false},"excerpt":{"rendered":"<p>El Tmax Link de ABB es un tablero de distribuci\u00f3n en baja tensi\u00f3n tipo Switchboard autosoportado de &#8230;<\/p>\n","protected":false},"featured_media":26158,"comment_status":"open","ping_status":"closed","template":"","meta":{"_joinchat":[]},"product_brand":[],"product_cat":[152],"product_tag":[158],"class_list":{"0":"post-26163","1":"product","2":"type-product","3":"status-publish","4":"has-post-thumbnail","6":"product_cat-boards","7":"product_tag-en","9":"first","10":"outofstock","11":"taxable","12":"shipping-taxable","13":"purchasable","14":"product-type-simple"},"_links":{"self":[{"href":"https:\/\/amesa.grupoibiz.com.mx\/en\/wp-json\/wp\/v2\/product\/26163","targetHints":{"allow":["GET"]}}],"collection":[{"href":"https:\/\/amesa.grupoibiz.com.mx\/en\/wp-json\/wp\/v2\/product"}],"about":[{"href":"https:\/\/amesa.grupoibiz.com.mx\/en\/wp-json\/wp\/v2\/types\/product"}],"replies":[{"embeddable":true,"href":"https:\/\/amesa.grupoibiz.com.mx\/en\/wp-json\/wp\/v2\/comments?post=26163"}],"wp:featuredmedia":[{"embeddable":true,"href":"https:\/\/amesa.grupoibiz.com.mx\/en\/wp-json\/wp\/v2\/media\/26158"}],"wp:attachment":[{"href":"https:\/\/amesa.grupoibiz.com.mx\/en\/wp-json\/wp\/v2\/media?parent=26163"}],"wp:term":[{"taxonomy":"product_brand","embeddable":true,"href":"https:\/\/amesa.grupoibiz.com.mx\/en\/wp-json\/wp\/v2\/product_brand?post=26163"},{"taxonomy":"product_cat","embeddable":true,"href":"https:\/\/amesa.grupoibiz.com.mx\/en\/wp-json\/wp\/v2\/product_cat?post=26163"},{"taxonomy":"product_tag","embeddable":true,"href":"https:\/\/amesa.grupoibiz.com.mx\/en\/wp-json\/wp\/v2\/product_tag?post=26163"}],"curies":[{"name":"wp","href":"https:\/\/api.w.org\/{rel}","templated":true}]}}