{"id":26193,"date":"2025-11-29T13:15:32","date_gmt":"2025-11-29T19:15:32","guid":{"rendered":"https:\/\/amesa.grupoibiz.com.mx\/producto\/pta-faraday-o1-2x60cm-cobre-cromado-2\/"},"modified":"2025-11-29T13:15:39","modified_gmt":"2025-11-29T19:15:39","slug":"pta-faraday-o1-2x60cm-cobre-cromado-2","status":"publish","type":"product","link":"https:\/\/amesa.grupoibiz.com.mx\/en\/product\/pta-faraday-o1-2x60cm-cobre-cromado-2\/","title":{"rendered":"PTA FARADAY \u00d81\/2&#8243;x60cm COBRE CROMADO"},"content":{"rendered":"<p>Punta Faraday \u00d81\/2&#8243; cuerda 7\/16&#8243; largo 60cm en Cobre Electrol\u00edtico Cromado MCA AMESA<\/p>\n<p>Puntas de pararrayos simple, usada en sistemas calculados de protecci\u00f3n basados enjaula Faraday, garantiza su correcto funcionamiento de conductividad el\u00e9ctrica y protecci\u00f3n contra la corrosi\u00f3n. Estas puntas son conectadas al sistema de tierras utilizando el camino m\u00e1s corto su cono de protecci\u00f3n se determina en funci\u00f3n de la altura en donde se encuentre.<\/p>\n","protected":false},"excerpt":{"rendered":"<p>Punta Faraday \u00d81\/2&#8243; cuerda 7\/16&#8243; largo 60cm en Cobre Electrol\u00edtico Cromado MCA AMESA<\/p>\n<p>Puntas de para&#8230;<\/p>\n","protected":false},"featured_media":26188,"comment_status":"open","ping_status":"closed","template":"","meta":{"_joinchat":[]},"product_brand":[],"product_cat":[151],"product_tag":[158],"class_list":{"0":"post-26193","1":"product","2":"type-product","3":"status-publish","4":"has-post-thumbnail","6":"product_cat-grounding-systems-and-lightning-rods","7":"product_tag-en","9":"first","10":"instock","11":"taxable","12":"shipping-taxable","13":"purchasable","14":"product-type-simple"},"_links":{"self":[{"href":"https:\/\/amesa.grupoibiz.com.mx\/en\/wp-json\/wp\/v2\/product\/26193","targetHints":{"allow":["GET"]}}],"collection":[{"href":"https:\/\/amesa.grupoibiz.com.mx\/en\/wp-json\/wp\/v2\/product"}],"about":[{"href":"https:\/\/amesa.grupoibiz.com.mx\/en\/wp-json\/wp\/v2\/types\/product"}],"replies":[{"embeddable":true,"href":"https:\/\/amesa.grupoibiz.com.mx\/en\/wp-json\/wp\/v2\/comments?post=26193"}],"wp:featuredmedia":[{"embeddable":true,"href":"https:\/\/amesa.grupoibiz.com.mx\/en\/wp-json\/wp\/v2\/media\/26188"}],"wp:attachment":[{"href":"https:\/\/amesa.grupoibiz.com.mx\/en\/wp-json\/wp\/v2\/media?parent=26193"}],"wp:term":[{"taxonomy":"product_brand","embeddable":true,"href":"https:\/\/amesa.grupoibiz.com.mx\/en\/wp-json\/wp\/v2\/product_brand?post=26193"},{"taxonomy":"product_cat","embeddable":true,"href":"https:\/\/amesa.grupoibiz.com.mx\/en\/wp-json\/wp\/v2\/product_cat?post=26193"},{"taxonomy":"product_tag","embeddable":true,"href":"https:\/\/amesa.grupoibiz.com.mx\/en\/wp-json\/wp\/v2\/product_tag?post=26193"}],"curies":[{"name":"wp","href":"https:\/\/api.w.org\/{rel}","templated":true}]}}