{"id":26201,"date":"2025-11-29T13:15:53","date_gmt":"2025-11-29T19:15:53","guid":{"rendered":"https:\/\/amesa.grupoibiz.com.mx\/producto\/conector-t-mecanico-bronce-2\/"},"modified":"2025-12-04T15:08:20","modified_gmt":"2025-12-04T21:08:20","slug":"conector-t-mecanico-bronce-2","status":"publish","type":"product","link":"https:\/\/amesa.grupoibiz.com.mx\/en\/product\/conector-t-mecanico-bronce-2\/","title":{"rendered":"CONECTOR T MECANICO BRONCE"},"content":{"rendered":"<p>Dispositivo de forma variada para su mejor adaptaci\u00f3n a los lugares donde se instale un sistema de pararrayos tipo Jaula de Faraday donde sea necesario unir o hacer derivaciones, logrando una adecuada sujeci\u00f3n y disposici\u00f3n para sujetar el cable desnudo, adem\u00e1s por su composici\u00f3n qu\u00edmica es un excelente conductor y su forma ayuda a facilitar el paso de la energ\u00eda de descarga en su momento.<\/p>\n","protected":false},"excerpt":{"rendered":"<p>Dispositivo de forma variada para su mejor adaptaci\u00f3n a los lugares donde se instale un sistema de p&#8230;<\/p>\n","protected":false},"featured_media":26194,"comment_status":"open","ping_status":"closed","template":"","meta":{"_joinchat":[]},"product_brand":[],"product_cat":[75],"product_tag":[158],"class_list":{"0":"post-26201","1":"product","2":"type-product","3":"status-publish","4":"has-post-thumbnail","6":"product_cat-sistemas-de-tierras-y-pararrayos","7":"product_tag-en","9":"first","10":"instock","11":"taxable","12":"shipping-taxable","13":"purchasable","14":"product-type-simple"},"_links":{"self":[{"href":"https:\/\/amesa.grupoibiz.com.mx\/en\/wp-json\/wp\/v2\/product\/26201","targetHints":{"allow":["GET"]}}],"collection":[{"href":"https:\/\/amesa.grupoibiz.com.mx\/en\/wp-json\/wp\/v2\/product"}],"about":[{"href":"https:\/\/amesa.grupoibiz.com.mx\/en\/wp-json\/wp\/v2\/types\/product"}],"replies":[{"embeddable":true,"href":"https:\/\/amesa.grupoibiz.com.mx\/en\/wp-json\/wp\/v2\/comments?post=26201"}],"wp:featuredmedia":[{"embeddable":true,"href":"https:\/\/amesa.grupoibiz.com.mx\/en\/wp-json\/wp\/v2\/media\/26194"}],"wp:attachment":[{"href":"https:\/\/amesa.grupoibiz.com.mx\/en\/wp-json\/wp\/v2\/media?parent=26201"}],"wp:term":[{"taxonomy":"product_brand","embeddable":true,"href":"https:\/\/amesa.grupoibiz.com.mx\/en\/wp-json\/wp\/v2\/product_brand?post=26201"},{"taxonomy":"product_cat","embeddable":true,"href":"https:\/\/amesa.grupoibiz.com.mx\/en\/wp-json\/wp\/v2\/product_cat?post=26201"},{"taxonomy":"product_tag","embeddable":true,"href":"https:\/\/amesa.grupoibiz.com.mx\/en\/wp-json\/wp\/v2\/product_tag?post=26201"}],"curies":[{"name":"wp","href":"https:\/\/api.w.org\/{rel}","templated":true}]}}