{"id":26209,"date":"2025-11-29T13:16:06","date_gmt":"2025-11-29T19:16:06","guid":{"rendered":"https:\/\/amesa.grupoibiz.com.mx\/producto\/abrazadera-de-cobre-para-cable-2\/"},"modified":"2025-12-10T00:03:55","modified_gmt":"2025-12-10T06:03:55","slug":"abrazadera-de-cobre-para-cable-2","status":"publish","type":"product","link":"https:\/\/amesa.grupoibiz.com.mx\/en\/product\/abrazadera-de-cobre-para-cable-2\/","title":{"rendered":"ABRAZADERA DE COBRE PARA CABLE"},"content":{"rendered":"<p>ABRAZADERA DE COBRE PARA CABLE<br \/>\nMaterial fabricado con cinta de cobre de alta pureza o de aluminio; el dise\u00f1o asegurara cable de cobre o aluminio en las instalaciones de sistemas de protecci\u00f3n contra rayos y en sistemas de tierra u otra aplicaci\u00f3n el\u00e9ctrica.<\/p>\n<p>Prueba de Sobreescritura <\/p>\n<p>Especificaciones:<br \/>\nMaterial: Cobre alta pureza<br \/>\nPeso: 7 g<br \/>\nMedida: 17x75mm<br \/>\nBarreno Punzonado 6.3mm<br \/>\nM\u00e1ximo Diam. Cable 12.7mm<br \/>\nCalibre 22<\/p>\n","protected":false},"excerpt":{"rendered":"<p>ABRAZADERA DE COBRE PARA CABLE<br \/>\nMaterial fabricado con cinta de cobre de alta pureza o de aluminio; e&#8230;<\/p>\n","protected":false},"featured_media":26202,"comment_status":"open","ping_status":"closed","template":"","meta":{"_joinchat":[]},"product_brand":[],"product_cat":[75],"product_tag":[158],"class_list":{"0":"post-26209","1":"product","2":"type-product","3":"status-publish","4":"has-post-thumbnail","6":"product_cat-sistemas-de-tierras-y-pararrayos","7":"product_tag-en","9":"first","10":"instock","11":"taxable","12":"shipping-taxable","13":"purchasable","14":"product-type-simple"},"_links":{"self":[{"href":"https:\/\/amesa.grupoibiz.com.mx\/en\/wp-json\/wp\/v2\/product\/26209","targetHints":{"allow":["GET"]}}],"collection":[{"href":"https:\/\/amesa.grupoibiz.com.mx\/en\/wp-json\/wp\/v2\/product"}],"about":[{"href":"https:\/\/amesa.grupoibiz.com.mx\/en\/wp-json\/wp\/v2\/types\/product"}],"replies":[{"embeddable":true,"href":"https:\/\/amesa.grupoibiz.com.mx\/en\/wp-json\/wp\/v2\/comments?post=26209"}],"wp:featuredmedia":[{"embeddable":true,"href":"https:\/\/amesa.grupoibiz.com.mx\/en\/wp-json\/wp\/v2\/media\/26202"}],"wp:attachment":[{"href":"https:\/\/amesa.grupoibiz.com.mx\/en\/wp-json\/wp\/v2\/media?parent=26209"}],"wp:term":[{"taxonomy":"product_brand","embeddable":true,"href":"https:\/\/amesa.grupoibiz.com.mx\/en\/wp-json\/wp\/v2\/product_brand?post=26209"},{"taxonomy":"product_cat","embeddable":true,"href":"https:\/\/amesa.grupoibiz.com.mx\/en\/wp-json\/wp\/v2\/product_cat?post=26209"},{"taxonomy":"product_tag","embeddable":true,"href":"https:\/\/amesa.grupoibiz.com.mx\/en\/wp-json\/wp\/v2\/product_tag?post=26209"}],"curies":[{"name":"wp","href":"https:\/\/api.w.org\/{rel}","templated":true}]}}