{"id":26215,"date":"2025-11-29T13:16:17","date_gmt":"2025-11-29T19:16:17","guid":{"rendered":"https:\/\/amesa.grupoibiz.com.mx\/producto\/electrodo-pila-hex-compact-grafito-90cm-2\/"},"modified":"2025-12-10T03:36:36","modified_gmt":"2025-12-10T09:36:36","slug":"electrodo-pila-hex-compact-grafito-90cm-2","status":"publish","type":"product","link":"https:\/\/amesa.grupoibiz.com.mx\/en\/product\/electrodo-pila-hex-compact-grafito-90cm-2\/","title":{"rendered":"ELECTRODO PILA HEX COMPACT GRAFITO 90CM"},"content":{"rendered":"<p>Electrodos desarrollados en base a compuestos de grafito y elementos naturales que ayudan a mantener sus caracter\u00edsticas de protecci\u00f3n constante a trav\u00e9s del tiempo.<\/p>\n","protected":false},"excerpt":{"rendered":"<p>Electrodos desarrollados en base a compuestos de grafito y elementos naturales que ayudan a mantener&#8230;<\/p>\n","protected":false},"featured_media":26210,"comment_status":"open","ping_status":"closed","template":"","meta":{"_joinchat":[]},"product_brand":[],"product_cat":[75],"product_tag":[158],"class_list":{"0":"post-26215","1":"product","2":"type-product","3":"status-publish","4":"has-post-thumbnail","6":"product_cat-sistemas-de-tierras-y-pararrayos","7":"product_tag-en","9":"first","10":"instock","11":"taxable","12":"shipping-taxable","13":"purchasable","14":"product-type-simple"},"_links":{"self":[{"href":"https:\/\/amesa.grupoibiz.com.mx\/en\/wp-json\/wp\/v2\/product\/26215","targetHints":{"allow":["GET"]}}],"collection":[{"href":"https:\/\/amesa.grupoibiz.com.mx\/en\/wp-json\/wp\/v2\/product"}],"about":[{"href":"https:\/\/amesa.grupoibiz.com.mx\/en\/wp-json\/wp\/v2\/types\/product"}],"replies":[{"embeddable":true,"href":"https:\/\/amesa.grupoibiz.com.mx\/en\/wp-json\/wp\/v2\/comments?post=26215"}],"wp:featuredmedia":[{"embeddable":true,"href":"https:\/\/amesa.grupoibiz.com.mx\/en\/wp-json\/wp\/v2\/media\/26210"}],"wp:attachment":[{"href":"https:\/\/amesa.grupoibiz.com.mx\/en\/wp-json\/wp\/v2\/media?parent=26215"}],"wp:term":[{"taxonomy":"product_brand","embeddable":true,"href":"https:\/\/amesa.grupoibiz.com.mx\/en\/wp-json\/wp\/v2\/product_brand?post=26215"},{"taxonomy":"product_cat","embeddable":true,"href":"https:\/\/amesa.grupoibiz.com.mx\/en\/wp-json\/wp\/v2\/product_cat?post=26215"},{"taxonomy":"product_tag","embeddable":true,"href":"https:\/\/amesa.grupoibiz.com.mx\/en\/wp-json\/wp\/v2\/product_tag?post=26215"}],"curies":[{"name":"wp","href":"https:\/\/api.w.org\/{rel}","templated":true}]}}