{"id":26221,"date":"2025-11-29T13:16:28","date_gmt":"2025-11-29T19:16:28","guid":{"rendered":"https:\/\/amesa.grupoibiz.com.mx\/producto\/rehilete-cu-40x30-c-var-cobre-1-2x50cm-2\/"},"modified":"2025-12-10T03:35:13","modified_gmt":"2025-12-10T09:35:13","slug":"rehilete-cu-40x30-c-var-cobre-1-2x50cm-2","status":"publish","type":"product","link":"https:\/\/amesa.grupoibiz.com.mx\/en\/product\/rehilete-cu-40x30-c-var-cobre-1-2x50cm-2\/","title":{"rendered":"REHILETE CU 40X30 C\/VAR COBRE 1\/2X50CM"},"content":{"rendered":"<p>Electrodo fabricado con materiales de cobre de alta pureza en un dise\u00f1o que cubre los requerimientos de los m\u00e1s avanzados sistemas de tierra para la protecci\u00f3n de sistemas de c\u00f3mputo, industria electr\u00f3nica, industria en general, construcciones y sistemas de pararrayos.<\/p>\n","protected":false},"excerpt":{"rendered":"<p>Electrodo fabricado con materiales de cobre de alta pureza en un dise\u00f1o que cubre los requerimientos&#8230;<\/p>\n","protected":false},"featured_media":26216,"comment_status":"open","ping_status":"closed","template":"","meta":{"_joinchat":[]},"product_brand":[],"product_cat":[75],"product_tag":[158],"class_list":{"0":"post-26221","1":"product","2":"type-product","3":"status-publish","4":"has-post-thumbnail","6":"product_cat-sistemas-de-tierras-y-pararrayos","7":"product_tag-en","9":"first","10":"instock","11":"taxable","12":"shipping-taxable","13":"purchasable","14":"product-type-simple"},"_links":{"self":[{"href":"https:\/\/amesa.grupoibiz.com.mx\/en\/wp-json\/wp\/v2\/product\/26221","targetHints":{"allow":["GET"]}}],"collection":[{"href":"https:\/\/amesa.grupoibiz.com.mx\/en\/wp-json\/wp\/v2\/product"}],"about":[{"href":"https:\/\/amesa.grupoibiz.com.mx\/en\/wp-json\/wp\/v2\/types\/product"}],"replies":[{"embeddable":true,"href":"https:\/\/amesa.grupoibiz.com.mx\/en\/wp-json\/wp\/v2\/comments?post=26221"}],"wp:featuredmedia":[{"embeddable":true,"href":"https:\/\/amesa.grupoibiz.com.mx\/en\/wp-json\/wp\/v2\/media\/26216"}],"wp:attachment":[{"href":"https:\/\/amesa.grupoibiz.com.mx\/en\/wp-json\/wp\/v2\/media?parent=26221"}],"wp:term":[{"taxonomy":"product_brand","embeddable":true,"href":"https:\/\/amesa.grupoibiz.com.mx\/en\/wp-json\/wp\/v2\/product_brand?post=26221"},{"taxonomy":"product_cat","embeddable":true,"href":"https:\/\/amesa.grupoibiz.com.mx\/en\/wp-json\/wp\/v2\/product_cat?post=26221"},{"taxonomy":"product_tag","embeddable":true,"href":"https:\/\/amesa.grupoibiz.com.mx\/en\/wp-json\/wp\/v2\/product_tag?post=26221"}],"curies":[{"name":"wp","href":"https:\/\/api.w.org\/{rel}","templated":true}]}}