{"id":26227,"date":"2025-11-29T13:16:38","date_gmt":"2025-11-29T19:16:38","guid":{"rendered":"https:\/\/amesa.grupoibiz.com.mx\/producto\/adaptador-para-punta-multiple-reactivo-2\/"},"modified":"2025-12-10T00:03:29","modified_gmt":"2025-12-10T06:03:29","slug":"adaptador-para-punta-multiple-reactivo-2","status":"publish","type":"product","link":"https:\/\/amesa.grupoibiz.com.mx\/en\/product\/adaptador-para-punta-multiple-reactivo-2\/","title":{"rendered":"ADAPTADOR PARA PUNTA MULTIPLE REACTIVO"},"content":{"rendered":"<p>Fabricado en material aislante cuya funci\u00f3n b\u00e1sica es la de extensi\u00f3n o punto de fijaci\u00f3n terminal de dos materiales de forma mec\u00e1nica sin la necesidad de tornillos, con la finalidad de mantener la correcta sujeci\u00f3n en nuestro sistema; de forma tal, que no interfiera con la funci\u00f3n final de la instalaci\u00f3n. La elecci\u00f3n del tipo de adaptador depende totalmente de los materiales primarios a conectar, por lo que deben de elegirse de acuerdo a la necesidad de cada instalaci\u00f3n. Dise\u00f1adas para f\u00e1cil instalaci\u00f3n en sistemas de protecci\u00f3n de puesta a tierra, ubicados en uso exterior; sin necesidad de elementos de fijaci\u00f3n adicionales, y que gracias a las propiedades mec\u00e1nicas y anticorrosi\u00f3n del material en que est\u00e1n construidos no sufren cambios dr\u00e1sticos con las inclemencias del clima. (Este comentario no deslinda al usuario final de realizar las labores de mantenimiento preventivo para verificar las correctas condiciones de funcionamiento del producto una vez instalado.)<\/p>\n","protected":false},"excerpt":{"rendered":"<p>Fabricado en material aislante cuya funci\u00f3n b\u00e1sica es la de extensi\u00f3n o punto de fijaci\u00f3n terminal d&#8230;<\/p>\n","protected":false},"featured_media":26222,"comment_status":"open","ping_status":"closed","template":"","meta":{"_joinchat":[]},"product_brand":[],"product_cat":[75],"product_tag":[158],"class_list":{"0":"post-26227","1":"product","2":"type-product","3":"status-publish","4":"has-post-thumbnail","6":"product_cat-sistemas-de-tierras-y-pararrayos","7":"product_tag-en","9":"first","10":"instock","11":"taxable","12":"shipping-taxable","13":"purchasable","14":"product-type-simple"},"_links":{"self":[{"href":"https:\/\/amesa.grupoibiz.com.mx\/en\/wp-json\/wp\/v2\/product\/26227","targetHints":{"allow":["GET"]}}],"collection":[{"href":"https:\/\/amesa.grupoibiz.com.mx\/en\/wp-json\/wp\/v2\/product"}],"about":[{"href":"https:\/\/amesa.grupoibiz.com.mx\/en\/wp-json\/wp\/v2\/types\/product"}],"replies":[{"embeddable":true,"href":"https:\/\/amesa.grupoibiz.com.mx\/en\/wp-json\/wp\/v2\/comments?post=26227"}],"wp:featuredmedia":[{"embeddable":true,"href":"https:\/\/amesa.grupoibiz.com.mx\/en\/wp-json\/wp\/v2\/media\/26222"}],"wp:attachment":[{"href":"https:\/\/amesa.grupoibiz.com.mx\/en\/wp-json\/wp\/v2\/media?parent=26227"}],"wp:term":[{"taxonomy":"product_brand","embeddable":true,"href":"https:\/\/amesa.grupoibiz.com.mx\/en\/wp-json\/wp\/v2\/product_brand?post=26227"},{"taxonomy":"product_cat","embeddable":true,"href":"https:\/\/amesa.grupoibiz.com.mx\/en\/wp-json\/wp\/v2\/product_cat?post=26227"},{"taxonomy":"product_tag","embeddable":true,"href":"https:\/\/amesa.grupoibiz.com.mx\/en\/wp-json\/wp\/v2\/product_tag?post=26227"}],"curies":[{"name":"wp","href":"https:\/\/api.w.org\/{rel}","templated":true}]}}