{"id":26233,"date":"2025-11-29T13:16:48","date_gmt":"2025-11-29T19:16:48","guid":{"rendered":"https:\/\/amesa.grupoibiz.com.mx\/producto\/compuesto-sales-liquidas-galon-3-8lt-2\/"},"modified":"2025-12-10T01:18:53","modified_gmt":"2025-12-10T07:18:53","slug":"compuesto-sales-liquidas-galon-3-8lt-2","status":"publish","type":"product","link":"https:\/\/amesa.grupoibiz.com.mx\/en\/product\/compuesto-sales-liquidas-galon-3-8lt-2\/","title":{"rendered":"COMPUESTO SALES LIQUIDAS GALON 3.8LT"},"content":{"rendered":"<p>Material empleado en las instalaciones de sistemas de puesta a tierra. Es una soluci\u00f3n qu\u00edmica \u2013 org\u00e1nica que mejora la ionizaci\u00f3n de las cargas el\u00e9ctricas facilitando la conducci\u00f3n y la disipaci\u00f3n de energ\u00eda a tierra f\u00edsica.<\/p>\n","protected":false},"excerpt":{"rendered":"<p>Material empleado en las instalaciones de sistemas de puesta a tierra. Es una soluci\u00f3n qu\u00edmica \u2013 org&#8230;<\/p>\n","protected":false},"featured_media":26228,"comment_status":"open","ping_status":"closed","template":"","meta":{"_joinchat":[]},"product_brand":[],"product_cat":[75],"product_tag":[158],"class_list":{"0":"post-26233","1":"product","2":"type-product","3":"status-publish","4":"has-post-thumbnail","6":"product_cat-sistemas-de-tierras-y-pararrayos","7":"product_tag-en","9":"first","10":"instock","11":"taxable","12":"shipping-taxable","13":"purchasable","14":"product-type-simple"},"_links":{"self":[{"href":"https:\/\/amesa.grupoibiz.com.mx\/en\/wp-json\/wp\/v2\/product\/26233","targetHints":{"allow":["GET"]}}],"collection":[{"href":"https:\/\/amesa.grupoibiz.com.mx\/en\/wp-json\/wp\/v2\/product"}],"about":[{"href":"https:\/\/amesa.grupoibiz.com.mx\/en\/wp-json\/wp\/v2\/types\/product"}],"replies":[{"embeddable":true,"href":"https:\/\/amesa.grupoibiz.com.mx\/en\/wp-json\/wp\/v2\/comments?post=26233"}],"wp:featuredmedia":[{"embeddable":true,"href":"https:\/\/amesa.grupoibiz.com.mx\/en\/wp-json\/wp\/v2\/media\/26228"}],"wp:attachment":[{"href":"https:\/\/amesa.grupoibiz.com.mx\/en\/wp-json\/wp\/v2\/media?parent=26233"}],"wp:term":[{"taxonomy":"product_brand","embeddable":true,"href":"https:\/\/amesa.grupoibiz.com.mx\/en\/wp-json\/wp\/v2\/product_brand?post=26233"},{"taxonomy":"product_cat","embeddable":true,"href":"https:\/\/amesa.grupoibiz.com.mx\/en\/wp-json\/wp\/v2\/product_cat?post=26233"},{"taxonomy":"product_tag","embeddable":true,"href":"https:\/\/amesa.grupoibiz.com.mx\/en\/wp-json\/wp\/v2\/product_tag?post=26233"}],"curies":[{"name":"wp","href":"https:\/\/api.w.org\/{rel}","templated":true}]}}