{"id":26239,"date":"2025-11-29T13:16:59","date_gmt":"2025-11-29T19:16:59","guid":{"rendered":"https:\/\/amesa.grupoibiz.com.mx\/producto\/bus-de-cobre-1-4x2%e2%80%b3x30cm-caja-acrilico-2\/"},"modified":"2025-12-10T03:34:06","modified_gmt":"2025-12-10T09:34:06","slug":"bus-de-cobre-1-4x2%e2%80%b3x30cm-caja-acrilico-2","status":"publish","type":"product","link":"https:\/\/amesa.grupoibiz.com.mx\/en\/product\/bus-de-cobre-1-4x2%e2%80%b3x30cm-caja-acrilico-2\/","title":{"rendered":"BUS DE COBRE 1\/4\u00d72\u2033x30cm CAJA ACRILICO"},"content":{"rendered":"<p>Bus de Conexi\u00f3n a Tierra 10 derivaciones formado por solera de Cobre espesor 1\/4&#8243;, ancho 2&#8243;, largo 30cm en Caja de Acr\u00edlico. Incluye aisladores y torniller\u00eda en Acero Inoxidable MARCA AMESA<\/p>\n<p>Derivadores de conexi\u00f3n de diferentes formas y medidas que se usan en las instalaciones de sistemas de puesta a tierra. en los cuales se conecta el cable de tierra y sus derivadores son para conectar equipos el\u00e9ctricos, equipos electr\u00f3nicos y todo equipo que requiera drenar cargas est\u00e1ticas.<\/p>\n","protected":false},"excerpt":{"rendered":"<p>Bus de Conexi\u00f3n a Tierra 10 derivaciones formado por solera de Cobre espesor 1\/4&#8243;, ancho 2&#8243;, largo 3&#8230;<\/p>\n","protected":false},"featured_media":26234,"comment_status":"open","ping_status":"closed","template":"","meta":{"_joinchat":[]},"product_brand":[],"product_cat":[75],"product_tag":[158],"class_list":{"0":"post-26239","1":"product","2":"type-product","3":"status-publish","4":"has-post-thumbnail","6":"product_cat-sistemas-de-tierras-y-pararrayos","7":"product_tag-en","9":"first","10":"instock","11":"taxable","12":"shipping-taxable","13":"purchasable","14":"product-type-simple"},"_links":{"self":[{"href":"https:\/\/amesa.grupoibiz.com.mx\/en\/wp-json\/wp\/v2\/product\/26239","targetHints":{"allow":["GET"]}}],"collection":[{"href":"https:\/\/amesa.grupoibiz.com.mx\/en\/wp-json\/wp\/v2\/product"}],"about":[{"href":"https:\/\/amesa.grupoibiz.com.mx\/en\/wp-json\/wp\/v2\/types\/product"}],"replies":[{"embeddable":true,"href":"https:\/\/amesa.grupoibiz.com.mx\/en\/wp-json\/wp\/v2\/comments?post=26239"}],"wp:featuredmedia":[{"embeddable":true,"href":"https:\/\/amesa.grupoibiz.com.mx\/en\/wp-json\/wp\/v2\/media\/26234"}],"wp:attachment":[{"href":"https:\/\/amesa.grupoibiz.com.mx\/en\/wp-json\/wp\/v2\/media?parent=26239"}],"wp:term":[{"taxonomy":"product_brand","embeddable":true,"href":"https:\/\/amesa.grupoibiz.com.mx\/en\/wp-json\/wp\/v2\/product_brand?post=26239"},{"taxonomy":"product_cat","embeddable":true,"href":"https:\/\/amesa.grupoibiz.com.mx\/en\/wp-json\/wp\/v2\/product_cat?post=26239"},{"taxonomy":"product_tag","embeddable":true,"href":"https:\/\/amesa.grupoibiz.com.mx\/en\/wp-json\/wp\/v2\/product_tag?post=26239"}],"curies":[{"name":"wp","href":"https:\/\/api.w.org\/{rel}","templated":true}]}}