{"id":26263,"date":"2025-11-29T13:17:43","date_gmt":"2025-11-29T19:17:43","guid":{"rendered":"https:\/\/amesa.grupoibiz.com.mx\/producto\/registro-de-f-vidrio-t-albanal-gris-co-2\/"},"modified":"2025-12-10T03:35:10","modified_gmt":"2025-12-10T09:35:10","slug":"registro-de-f-vidrio-t-albanal-gris-co-2","status":"publish","type":"product","link":"https:\/\/amesa.grupoibiz.com.mx\/en\/product\/registro-de-f-vidrio-t-albanal-gris-co-2\/","title":{"rendered":"REGISTRO DE F.VIDRIO T\/ALBANAL GRIS CO"},"content":{"rendered":"<p>Registro para electrodos de puesta a tierra. Favorece la medici\u00f3n, inspecci\u00f3n y mantenimiento del sistema SPT, adem\u00e1s de cubrir los requerimientos de tr\u00e1fico de personas y equipos.<\/p>\n","protected":false},"excerpt":{"rendered":"<p>Registro para electrodos de puesta a tierra. Favorece la medici\u00f3n, inspecci\u00f3n y mantenimiento del si&#8230;<\/p>\n","protected":false},"featured_media":26258,"comment_status":"open","ping_status":"closed","template":"","meta":{"_joinchat":[]},"product_brand":[],"product_cat":[75],"product_tag":[158],"class_list":{"0":"post-26263","1":"product","2":"type-product","3":"status-publish","4":"has-post-thumbnail","6":"product_cat-sistemas-de-tierras-y-pararrayos","7":"product_tag-en","9":"first","10":"instock","11":"taxable","12":"shipping-taxable","13":"purchasable","14":"product-type-simple"},"_links":{"self":[{"href":"https:\/\/amesa.grupoibiz.com.mx\/en\/wp-json\/wp\/v2\/product\/26263","targetHints":{"allow":["GET"]}}],"collection":[{"href":"https:\/\/amesa.grupoibiz.com.mx\/en\/wp-json\/wp\/v2\/product"}],"about":[{"href":"https:\/\/amesa.grupoibiz.com.mx\/en\/wp-json\/wp\/v2\/types\/product"}],"replies":[{"embeddable":true,"href":"https:\/\/amesa.grupoibiz.com.mx\/en\/wp-json\/wp\/v2\/comments?post=26263"}],"wp:featuredmedia":[{"embeddable":true,"href":"https:\/\/amesa.grupoibiz.com.mx\/en\/wp-json\/wp\/v2\/media\/26258"}],"wp:attachment":[{"href":"https:\/\/amesa.grupoibiz.com.mx\/en\/wp-json\/wp\/v2\/media?parent=26263"}],"wp:term":[{"taxonomy":"product_brand","embeddable":true,"href":"https:\/\/amesa.grupoibiz.com.mx\/en\/wp-json\/wp\/v2\/product_brand?post=26263"},{"taxonomy":"product_cat","embeddable":true,"href":"https:\/\/amesa.grupoibiz.com.mx\/en\/wp-json\/wp\/v2\/product_cat?post=26263"},{"taxonomy":"product_tag","embeddable":true,"href":"https:\/\/amesa.grupoibiz.com.mx\/en\/wp-json\/wp\/v2\/product_tag?post=26263"}],"curies":[{"name":"wp","href":"https:\/\/api.w.org\/{rel}","templated":true}]}}