{"id":26293,"date":"2025-11-29T13:18:59","date_gmt":"2025-11-29T19:18:59","guid":{"rendered":"https:\/\/amesa.grupoibiz.com.mx\/producto\/brazos-antitorsion-at29-juego-para-torre-2\/"},"modified":"2025-12-10T02:36:10","modified_gmt":"2025-12-10T08:36:10","slug":"brazos-antitorsion-at29-juego-para-torre-2","status":"publish","type":"product","link":"https:\/\/amesa.grupoibiz.com.mx\/en\/product\/brazos-antitorsion-at29-juego-para-torre-2\/","title":{"rendered":"BRAZOS ANTITORSION AT29 JUEGO PARA TORRE"},"content":{"rendered":"<p>Torre triangular fabricada de acero al carbono en diferentes formas como tubo, redondo y placa que son elementos usados en su fabricaci\u00f3n. El uso principal de estas torres es para soportar sistemas de Radiocomunicaci\u00f3n pero en nuestro medio se usan para la instalaci\u00f3n de sistemas de protecci\u00f3n contra rayos ya sean puntas simples o pararrayos complejos donde por dise\u00f1o se requiere obtener una altura superior a la que puede dar el sistema tradicional de soporte tipo m\u00e1stil.<\/p>\n","protected":false},"excerpt":{"rendered":"<p>Torre triangular fabricada de acero al carbono en diferentes formas como tubo, redondo y placa que s&#8230;<\/p>\n","protected":false},"featured_media":26288,"comment_status":"open","ping_status":"closed","template":"","meta":{"_joinchat":[]},"product_brand":[],"product_cat":[75],"product_tag":[158],"class_list":{"0":"post-26293","1":"product","2":"type-product","3":"status-publish","4":"has-post-thumbnail","6":"product_cat-sistemas-de-tierras-y-pararrayos","7":"product_tag-en","9":"first","10":"instock","11":"taxable","12":"shipping-taxable","13":"purchasable","14":"product-type-simple"},"_links":{"self":[{"href":"https:\/\/amesa.grupoibiz.com.mx\/en\/wp-json\/wp\/v2\/product\/26293","targetHints":{"allow":["GET"]}}],"collection":[{"href":"https:\/\/amesa.grupoibiz.com.mx\/en\/wp-json\/wp\/v2\/product"}],"about":[{"href":"https:\/\/amesa.grupoibiz.com.mx\/en\/wp-json\/wp\/v2\/types\/product"}],"replies":[{"embeddable":true,"href":"https:\/\/amesa.grupoibiz.com.mx\/en\/wp-json\/wp\/v2\/comments?post=26293"}],"wp:featuredmedia":[{"embeddable":true,"href":"https:\/\/amesa.grupoibiz.com.mx\/en\/wp-json\/wp\/v2\/media\/26288"}],"wp:attachment":[{"href":"https:\/\/amesa.grupoibiz.com.mx\/en\/wp-json\/wp\/v2\/media?parent=26293"}],"wp:term":[{"taxonomy":"product_brand","embeddable":true,"href":"https:\/\/amesa.grupoibiz.com.mx\/en\/wp-json\/wp\/v2\/product_brand?post=26293"},{"taxonomy":"product_cat","embeddable":true,"href":"https:\/\/amesa.grupoibiz.com.mx\/en\/wp-json\/wp\/v2\/product_cat?post=26293"},{"taxonomy":"product_tag","embeddable":true,"href":"https:\/\/amesa.grupoibiz.com.mx\/en\/wp-json\/wp\/v2\/product_tag?post=26293"}],"curies":[{"name":"wp","href":"https:\/\/api.w.org\/{rel}","templated":true}]}}