{"id":26353,"date":"2025-11-29T13:21:36","date_gmt":"2025-11-29T19:21:36","guid":{"rendered":"https:\/\/amesa.grupoibiz.com.mx\/producto\/conector-mec-cat-gar6429-cal-2-0-250-2\/"},"modified":"2025-12-10T00:35:56","modified_gmt":"2025-12-10T06:35:56","slug":"conector-mec-cat-gar6429-cal-2-0-250-2","status":"publish","type":"product","link":"https:\/\/amesa.grupoibiz.com.mx\/en\/product\/conector-mec-cat-gar6429-cal-2-0-250-2\/","title":{"rendered":"CONECTOR MEC.CAT.GAR6429 (CAL. 2\/0 250"},"content":{"rendered":"<p>Conector de puesta a tierra mec\u00e1nico, cable a varilla o tubo, 2\/0 AWG (Sol)-250 kcmil, tubo de 3\/8&#8243;, varilla de 5\/8&#8243;-3\/4&#8243;, varilla corrugada n.\u00b0 5-n.\u00b0 6, inmersi\u00f3n brillante.<br \/>\nCaracter\u00edsticas: Conector de puesta a tierra de aleaci\u00f3n de cobre para unir diversos cables, paralelos o en \u00e1ngulo recto a varillas o tubos, especialmente adecuado para postes de cercas. Cuerpo fundido de aleaci\u00f3n de cobre con pernos en U, tuercas y arandelas de seguridad DURIUM. Permite enterrar toda la conexi\u00f3n en tierra o concreto sin riesgo de corrosi\u00f3n. Instalaci\u00f3n con una sola llave. Homologado por UL467. Apto para enterramiento directo. Altura: 2-7\/8 pulg., Tama\u00f1o de la varilla de puesta a tierra: 5\/8 &#8211; 3\/4 pulg., Tama\u00f1o del tubo (ips): 3\/8 pulg., Par de torsi\u00f3n de instalaci\u00f3n: 240 pulg.-lb, Tama\u00f1o de la varilla corrugada: n.\u00b0 5 (5\/8 pulg.) &#8211; n.\u00b0 6 (3\/4 pulg.). Ancho: 2-1\/8 PULGADAS<\/p>\n","protected":false},"excerpt":{"rendered":"<p>Conector de puesta a tierra mec\u00e1nico, cable a varilla o tubo, 2\/0 AWG (Sol)-250 kcmil, tubo de 3\/8&#8243;,&#8230;<\/p>\n","protected":false},"featured_media":26348,"comment_status":"open","ping_status":"closed","template":"","meta":{"_joinchat":[]},"product_brand":[],"product_cat":[75],"product_tag":[158],"class_list":{"0":"post-26353","1":"product","2":"type-product","3":"status-publish","4":"has-post-thumbnail","6":"product_cat-sistemas-de-tierras-y-pararrayos","7":"product_tag-en","9":"first","10":"instock","11":"taxable","12":"shipping-taxable","13":"purchasable","14":"product-type-simple"},"_links":{"self":[{"href":"https:\/\/amesa.grupoibiz.com.mx\/en\/wp-json\/wp\/v2\/product\/26353","targetHints":{"allow":["GET"]}}],"collection":[{"href":"https:\/\/amesa.grupoibiz.com.mx\/en\/wp-json\/wp\/v2\/product"}],"about":[{"href":"https:\/\/amesa.grupoibiz.com.mx\/en\/wp-json\/wp\/v2\/types\/product"}],"replies":[{"embeddable":true,"href":"https:\/\/amesa.grupoibiz.com.mx\/en\/wp-json\/wp\/v2\/comments?post=26353"}],"wp:featuredmedia":[{"embeddable":true,"href":"https:\/\/amesa.grupoibiz.com.mx\/en\/wp-json\/wp\/v2\/media\/26348"}],"wp:attachment":[{"href":"https:\/\/amesa.grupoibiz.com.mx\/en\/wp-json\/wp\/v2\/media?parent=26353"}],"wp:term":[{"taxonomy":"product_brand","embeddable":true,"href":"https:\/\/amesa.grupoibiz.com.mx\/en\/wp-json\/wp\/v2\/product_brand?post=26353"},{"taxonomy":"product_cat","embeddable":true,"href":"https:\/\/amesa.grupoibiz.com.mx\/en\/wp-json\/wp\/v2\/product_cat?post=26353"},{"taxonomy":"product_tag","embeddable":true,"href":"https:\/\/amesa.grupoibiz.com.mx\/en\/wp-json\/wp\/v2\/product_tag?post=26353"}],"curies":[{"name":"wp","href":"https:\/\/api.w.org\/{rel}","templated":true}]}}