{"id":26383,"date":"2025-11-29T13:22:21","date_gmt":"2025-11-29T19:22:21","guid":{"rendered":"https:\/\/amesa.grupoibiz.com.mx\/producto\/base-triangular-bronce-p-punta-faraday-2\/"},"modified":"2025-12-03T10:50:17","modified_gmt":"2025-12-03T16:50:17","slug":"base-triangular-bronce-p-punta-faraday-2","status":"publish","type":"product","link":"https:\/\/amesa.grupoibiz.com.mx\/en\/product\/base-triangular-bronce-p-punta-faraday-2\/","title":{"rendered":"BASE TRIANGULAR BRONCE P\/PUNTA FARADAY"},"content":{"rendered":"<p>Base Triangular cuerda 7\/16&#8243; para Punta Faraday en Bronce MARCA AMESA<\/p>\n<p>Dispositivo de forma variada para su mejor adaptaci\u00f3n a los lugares donde se instale un sistema de pararrayos utilizando puntas simples, esta acondicionado para su adecuada sujeci\u00f3n y disposici\u00f3n para la instalaci\u00f3n de la punta simple adem\u00e1s por su composici\u00f3n es un excelente conductor y su forma ayuda a facilitar el paso de la energ\u00eda de descarga en su momento.<\/p>\n","protected":false},"excerpt":{"rendered":"<p>Base Triangular cuerda 7\/16&#8243; para Punta Faraday en Bronce MARCA AMESA<\/p>\n<p>Dispositivo de forma variada &#8230;<\/p>\n","protected":false},"featured_media":26376,"comment_status":"open","ping_status":"closed","template":"","meta":{"_joinchat":[]},"product_brand":[],"product_cat":[75],"product_tag":[158],"class_list":{"0":"post-26383","1":"product","2":"type-product","3":"status-publish","4":"has-post-thumbnail","6":"product_cat-sistemas-de-tierras-y-pararrayos","7":"product_tag-en","9":"first","10":"instock","11":"taxable","12":"shipping-taxable","13":"purchasable","14":"product-type-simple"},"_links":{"self":[{"href":"https:\/\/amesa.grupoibiz.com.mx\/en\/wp-json\/wp\/v2\/product\/26383","targetHints":{"allow":["GET"]}}],"collection":[{"href":"https:\/\/amesa.grupoibiz.com.mx\/en\/wp-json\/wp\/v2\/product"}],"about":[{"href":"https:\/\/amesa.grupoibiz.com.mx\/en\/wp-json\/wp\/v2\/types\/product"}],"replies":[{"embeddable":true,"href":"https:\/\/amesa.grupoibiz.com.mx\/en\/wp-json\/wp\/v2\/comments?post=26383"}],"wp:featuredmedia":[{"embeddable":true,"href":"https:\/\/amesa.grupoibiz.com.mx\/en\/wp-json\/wp\/v2\/media\/26376"}],"wp:attachment":[{"href":"https:\/\/amesa.grupoibiz.com.mx\/en\/wp-json\/wp\/v2\/media?parent=26383"}],"wp:term":[{"taxonomy":"product_brand","embeddable":true,"href":"https:\/\/amesa.grupoibiz.com.mx\/en\/wp-json\/wp\/v2\/product_brand?post=26383"},{"taxonomy":"product_cat","embeddable":true,"href":"https:\/\/amesa.grupoibiz.com.mx\/en\/wp-json\/wp\/v2\/product_cat?post=26383"},{"taxonomy":"product_tag","embeddable":true,"href":"https:\/\/amesa.grupoibiz.com.mx\/en\/wp-json\/wp\/v2\/product_tag?post=26383"}],"curies":[{"name":"wp","href":"https:\/\/api.w.org\/{rel}","templated":true}]}}