{"id":26389,"date":"2025-11-29T13:22:32","date_gmt":"2025-11-29T19:22:32","guid":{"rendered":"https:\/\/amesa.grupoibiz.com.mx\/producto\/base-redonda-bronce-punta-faraday-2\/"},"modified":"2025-12-09T16:48:39","modified_gmt":"2025-12-09T22:48:39","slug":"base-redonda-bronce-punta-faraday-2","status":"publish","type":"product","link":"https:\/\/amesa.grupoibiz.com.mx\/en\/product\/base-redonda-bronce-punta-faraday-2\/","title":{"rendered":"BASE REDONDA BRONCE PUNTA FARADAY"},"content":{"rendered":"<p>Base Redonda cuerda 7\/16&#8243; para Punta Faraday en Bronce MCA AMESA<\/p>\n<p>Dispositivo de forma variada para su mejor adaptaci\u00f3n a los lugares donde se instale un sistema de pararrayos utilizando puntas simples, esta acondicionado para su adecuada sujeci\u00f3n y disposici\u00f3n para la instalaci\u00f3n de la punta simple adem\u00e1s por su composici\u00f3n es un excelente conductor y su forma ayuda a facilitar el paso de la energ\u00eda de descarga en su momento.<\/p>\n","protected":false},"excerpt":{"rendered":"<p>Base Redonda cuerda 7\/16&#8243; para Punta Faraday en Bronce MCA AMESA<\/p>\n<p>Dispositivo de forma variada para &#8230;<\/p>\n","protected":false},"featured_media":26384,"comment_status":"open","ping_status":"closed","template":"","meta":{"_joinchat":[]},"product_brand":[],"product_cat":[75],"product_tag":[158],"class_list":{"0":"post-26389","1":"product","2":"type-product","3":"status-publish","4":"has-post-thumbnail","6":"product_cat-sistemas-de-tierras-y-pararrayos","7":"product_tag-en","9":"first","10":"instock","11":"taxable","12":"shipping-taxable","13":"purchasable","14":"product-type-simple"},"_links":{"self":[{"href":"https:\/\/amesa.grupoibiz.com.mx\/en\/wp-json\/wp\/v2\/product\/26389","targetHints":{"allow":["GET"]}}],"collection":[{"href":"https:\/\/amesa.grupoibiz.com.mx\/en\/wp-json\/wp\/v2\/product"}],"about":[{"href":"https:\/\/amesa.grupoibiz.com.mx\/en\/wp-json\/wp\/v2\/types\/product"}],"replies":[{"embeddable":true,"href":"https:\/\/amesa.grupoibiz.com.mx\/en\/wp-json\/wp\/v2\/comments?post=26389"}],"wp:featuredmedia":[{"embeddable":true,"href":"https:\/\/amesa.grupoibiz.com.mx\/en\/wp-json\/wp\/v2\/media\/26384"}],"wp:attachment":[{"href":"https:\/\/amesa.grupoibiz.com.mx\/en\/wp-json\/wp\/v2\/media?parent=26389"}],"wp:term":[{"taxonomy":"product_brand","embeddable":true,"href":"https:\/\/amesa.grupoibiz.com.mx\/en\/wp-json\/wp\/v2\/product_brand?post=26389"},{"taxonomy":"product_cat","embeddable":true,"href":"https:\/\/amesa.grupoibiz.com.mx\/en\/wp-json\/wp\/v2\/product_cat?post=26389"},{"taxonomy":"product_tag","embeddable":true,"href":"https:\/\/amesa.grupoibiz.com.mx\/en\/wp-json\/wp\/v2\/product_tag?post=26389"}],"curies":[{"name":"wp","href":"https:\/\/api.w.org\/{rel}","templated":true}]}}