{"id":26395,"date":"2025-11-29T13:23:10","date_gmt":"2025-11-29T19:23:10","guid":{"rendered":"https:\/\/amesa.grupoibiz.com.mx\/producto\/cable-4-0-vinikob-ls-105-thw-ls-thhw-2\/"},"modified":"2025-12-01T11:59:34","modified_gmt":"2025-12-01T17:59:34","slug":"cable-4-0-vinikob-ls-105-thw-ls-thhw-2","status":"publish","type":"product","link":"https:\/\/amesa.grupoibiz.com.mx\/en\/product\/cable-4-0-vinikob-ls-105-thw-ls-thhw-2\/","title":{"rendered":"CABLE 4\/0  VINIKOB LS 105 THW-LS\/THHW-"},"content":{"rendered":"<p>CABLE 4\/0  VINIKOB LS 105 THW-LS\/THHW-LS 90\u00b0C 600 V<br \/>\nConductor de cobre electrol\u00edtico de 99.99% de pureza en temple suave, s\u00f3lido o cableado conc\u00e9ntrico clase B o C con aislamiento de cloruro de polivinilo (PVC)<\/p>\n","protected":false},"excerpt":{"rendered":"<p>CABLE 4\/0  VINIKOB LS 105 THW-LS\/THHW-LS 90\u00b0C 600 V<br \/>\nConductor de cobre electrol\u00edtico de 99.99% de pu&#8230;<\/p>\n","protected":false},"featured_media":26390,"comment_status":"open","ping_status":"closed","template":"","meta":{"_joinchat":[]},"product_brand":[],"product_cat":[78],"product_tag":[158],"class_list":{"0":"post-26395","1":"product","2":"type-product","3":"status-publish","4":"has-post-thumbnail","6":"product_cat-material-electrico","7":"product_tag-en","9":"first","10":"instock","11":"taxable","12":"shipping-taxable","13":"purchasable","14":"product-type-simple"},"_links":{"self":[{"href":"https:\/\/amesa.grupoibiz.com.mx\/en\/wp-json\/wp\/v2\/product\/26395","targetHints":{"allow":["GET"]}}],"collection":[{"href":"https:\/\/amesa.grupoibiz.com.mx\/en\/wp-json\/wp\/v2\/product"}],"about":[{"href":"https:\/\/amesa.grupoibiz.com.mx\/en\/wp-json\/wp\/v2\/types\/product"}],"replies":[{"embeddable":true,"href":"https:\/\/amesa.grupoibiz.com.mx\/en\/wp-json\/wp\/v2\/comments?post=26395"}],"wp:featuredmedia":[{"embeddable":true,"href":"https:\/\/amesa.grupoibiz.com.mx\/en\/wp-json\/wp\/v2\/media\/26390"}],"wp:attachment":[{"href":"https:\/\/amesa.grupoibiz.com.mx\/en\/wp-json\/wp\/v2\/media?parent=26395"}],"wp:term":[{"taxonomy":"product_brand","embeddable":true,"href":"https:\/\/amesa.grupoibiz.com.mx\/en\/wp-json\/wp\/v2\/product_brand?post=26395"},{"taxonomy":"product_cat","embeddable":true,"href":"https:\/\/amesa.grupoibiz.com.mx\/en\/wp-json\/wp\/v2\/product_cat?post=26395"},{"taxonomy":"product_tag","embeddable":true,"href":"https:\/\/amesa.grupoibiz.com.mx\/en\/wp-json\/wp\/v2\/product_tag?post=26395"}],"curies":[{"name":"wp","href":"https:\/\/api.w.org\/{rel}","templated":true}]}}