{"id":26409,"date":"2025-11-29T13:23:38","date_gmt":"2025-11-29T19:23:38","guid":{"rendered":"https:\/\/amesa.grupoibiz.com.mx\/producto\/cable-thhw-ls-12-awg-blanco-2\/"},"modified":"2025-12-10T00:34:36","modified_gmt":"2025-12-10T06:34:36","slug":"cable-thhw-ls-12-awg-blanco-2","status":"publish","type":"product","link":"https:\/\/amesa.grupoibiz.com.mx\/en\/product\/cable-thhw-ls-12-awg-blanco-2\/","title":{"rendered":"CABLE THHW-LS 12 AWG BLANCO"},"content":{"rendered":"<p>Conductor de cobre suave con cableado conc\u00e9ntrico.<br \/>\n \u2022 Cableado de 19 hilos en calibres desde el 14 hasta el 4\/0 AWG.<br \/>\n \u2022 Cableado clase B desde el calibre 250 hasta el 750 kCM.<br \/>\n \u2022 Tensi\u00f3n m\u00e1xima de operaci\u00f3n: 600 V.<br \/>\n \u2022 Temperatura m\u00e1xima de operaci\u00f3n en el conductor:<br \/>\n   &#8211; 90\u00b0C en ambiente seco, h\u00famedo o mojado.<br \/>\n   &#8211; 60\u00b0C en presencia de aceite.<br \/>\n \u2022 Aislamiento de policloruro de vinilo (PVC) con caracter\u00edsticas<br \/>\nde baja emisi\u00f3n de humos, bajo contenido de gas \u00e1cido<br \/>\ny no propagaci\u00f3n de incendio, con recubrimiento altamente<br \/>\ndeslizable, libre de sustancias peligrosas, resistente a la<br \/>\nintemperie y a la luz solar, resistente al aceite y resistente a<br \/>\n   la propagaci\u00f3n de la flama.<br \/>\n \u2022 Baja emisi\u00f3n de humos (LS) NMX-J-474-ANCE.<br \/>\n \u2022 Bajo contenido de gas \u00e1cido NMX-J-472-ANCE.<br \/>\n \u2022 Resistente a la propagaci\u00f3n de incendio (RPI).<br \/>\nNMX-J-093-ANCE.<br \/>\n \u2022 Resistencia a la intemperie (luz solar) (SR).<br \/>\nNMX-J-553-ANCE.<br \/>\n \u2022 Antiflama (AF,FV-2,VW-1) NMX-J-192-ANCE.<br \/>\n\u2022 Resistencia a la flama en conductores que se colocan en<br \/>\ncharola vertical (CT) NMX-J-498-ANCE.<\/p>\n","protected":false},"excerpt":{"rendered":"<p>Conductor de cobre suave con cableado conc\u00e9ntrico.<br \/>\n \u2022 Cableado de 19 hilos en calibres desde el 14 h&#8230;<\/p>\n","protected":false},"featured_media":26402,"comment_status":"open","ping_status":"closed","template":"","meta":{"_joinchat":[]},"product_brand":[],"product_cat":[78],"product_tag":[158],"class_list":{"0":"post-26409","1":"product","2":"type-product","3":"status-publish","4":"has-post-thumbnail","6":"product_cat-material-electrico","7":"product_tag-en","9":"first","10":"instock","11":"taxable","12":"shipping-taxable","13":"purchasable","14":"product-type-simple"},"_links":{"self":[{"href":"https:\/\/amesa.grupoibiz.com.mx\/en\/wp-json\/wp\/v2\/product\/26409","targetHints":{"allow":["GET"]}}],"collection":[{"href":"https:\/\/amesa.grupoibiz.com.mx\/en\/wp-json\/wp\/v2\/product"}],"about":[{"href":"https:\/\/amesa.grupoibiz.com.mx\/en\/wp-json\/wp\/v2\/types\/product"}],"replies":[{"embeddable":true,"href":"https:\/\/amesa.grupoibiz.com.mx\/en\/wp-json\/wp\/v2\/comments?post=26409"}],"wp:featuredmedia":[{"embeddable":true,"href":"https:\/\/amesa.grupoibiz.com.mx\/en\/wp-json\/wp\/v2\/media\/26402"}],"wp:attachment":[{"href":"https:\/\/amesa.grupoibiz.com.mx\/en\/wp-json\/wp\/v2\/media?parent=26409"}],"wp:term":[{"taxonomy":"product_brand","embeddable":true,"href":"https:\/\/amesa.grupoibiz.com.mx\/en\/wp-json\/wp\/v2\/product_brand?post=26409"},{"taxonomy":"product_cat","embeddable":true,"href":"https:\/\/amesa.grupoibiz.com.mx\/en\/wp-json\/wp\/v2\/product_cat?post=26409"},{"taxonomy":"product_tag","embeddable":true,"href":"https:\/\/amesa.grupoibiz.com.mx\/en\/wp-json\/wp\/v2\/product_tag?post=26409"}],"curies":[{"name":"wp","href":"https:\/\/api.w.org\/{rel}","templated":true}]}}