{"id":26441,"date":"2025-11-29T13:25:35","date_gmt":"2025-11-29T19:25:35","guid":{"rendered":"https:\/\/amesa.grupoibiz.com.mx\/producto\/cable-thhw-ls-calibre-400-2\/"},"modified":"2025-12-10T00:34:14","modified_gmt":"2025-12-10T06:34:14","slug":"cable-thhw-ls-calibre-400-2","status":"publish","type":"product","link":"https:\/\/amesa.grupoibiz.com.mx\/en\/product\/cable-thhw-ls-calibre-400-2\/","title":{"rendered":"CABLE THHW &#8211; LS CALIBRE 400"},"content":{"rendered":"<p>Conductor de cobre suave con cableado conc\u00e9ntrico.<br \/>\n\u2022 Aislamiento de policloruro de vinilo (PVC).<br \/>\n\u2022 Libre de metales pesados, resistente al calor, humedad,<br \/>\n aceites y grasas.<br \/>\n\u2022 Deslizante, disminuye el esfuerzo de jalado de los<br \/>\n cables en tubo conduit, facilitando la instalaci\u00f3n y<br \/>\n evitando da\u00f1os al aislamiento.<br \/>\n\u2022 Tensi\u00f3n m\u00e1xima de operaci\u00f3n: 600 V.<br \/>\n\u2022 Temperatura m\u00e1xima en el conductor:<br \/>\n ambiente seco: 90 \u00b0C<br \/>\n ambiente h\u00famedo: 75 \u00b0C<br \/>\n\u2022 Antiflama (AF) NMX-J-192-ANCE.<br \/>\n\u2022 Resistente a la propagaci\u00f3n de incendio (RPI)<br \/>\n NMX-J-093-ANCE.<br \/>\n\u2022 Baja emisi\u00f3n de humos (LS) NMX-J-474-ANCE.<br \/>\n\u2022 Resisitencia a la intemperie (luz solar) (SR)<br \/>\n NMX-J-553-ANCE.<br \/>\n\u2022 Resistencia a la flama en conductores que se<br \/>\n colocan en charola vertical (CT) NMX-J-474-ANCE.<br \/>\n\u2022 Bajo contenido de gas \u00e1cido NMX-J-498-ANCE.<br \/>\n\u2022 Ecol\u00f3gico.<\/p>\n","protected":false},"excerpt":{"rendered":"<p>Conductor de cobre suave con cableado conc\u00e9ntrico.<br \/>\n\u2022 Aislamiento de policloruro de vinilo (PVC).<br \/>\n\u2022 L&#8230;<\/p>\n","protected":false},"featured_media":26436,"comment_status":"open","ping_status":"closed","template":"","meta":{"_joinchat":[]},"product_brand":[],"product_cat":[78],"product_tag":[158],"class_list":{"0":"post-26441","1":"product","2":"type-product","3":"status-publish","4":"has-post-thumbnail","6":"product_cat-material-electrico","7":"product_tag-en","9":"first","10":"instock","11":"taxable","12":"shipping-taxable","13":"purchasable","14":"product-type-simple"},"_links":{"self":[{"href":"https:\/\/amesa.grupoibiz.com.mx\/en\/wp-json\/wp\/v2\/product\/26441","targetHints":{"allow":["GET"]}}],"collection":[{"href":"https:\/\/amesa.grupoibiz.com.mx\/en\/wp-json\/wp\/v2\/product"}],"about":[{"href":"https:\/\/amesa.grupoibiz.com.mx\/en\/wp-json\/wp\/v2\/types\/product"}],"replies":[{"embeddable":true,"href":"https:\/\/amesa.grupoibiz.com.mx\/en\/wp-json\/wp\/v2\/comments?post=26441"}],"wp:featuredmedia":[{"embeddable":true,"href":"https:\/\/amesa.grupoibiz.com.mx\/en\/wp-json\/wp\/v2\/media\/26436"}],"wp:attachment":[{"href":"https:\/\/amesa.grupoibiz.com.mx\/en\/wp-json\/wp\/v2\/media?parent=26441"}],"wp:term":[{"taxonomy":"product_brand","embeddable":true,"href":"https:\/\/amesa.grupoibiz.com.mx\/en\/wp-json\/wp\/v2\/product_brand?post=26441"},{"taxonomy":"product_cat","embeddable":true,"href":"https:\/\/amesa.grupoibiz.com.mx\/en\/wp-json\/wp\/v2\/product_cat?post=26441"},{"taxonomy":"product_tag","embeddable":true,"href":"https:\/\/amesa.grupoibiz.com.mx\/en\/wp-json\/wp\/v2\/product_tag?post=26441"}],"curies":[{"name":"wp","href":"https:\/\/api.w.org\/{rel}","templated":true}]}}