{"id":26483,"date":"2025-11-29T13:26:52","date_gmt":"2025-11-29T19:26:52","guid":{"rendered":"https:\/\/amesa.grupoibiz.com.mx\/producto\/capuchon-cobre-p-punta-faraday-7-16-2\/"},"modified":"2025-11-29T13:26:59","modified_gmt":"2025-11-29T19:26:59","slug":"capuchon-cobre-p-punta-faraday-7-16-2","status":"publish","type":"product","link":"https:\/\/amesa.grupoibiz.com.mx\/en\/product\/capuchon-cobre-p-punta-faraday-7-16-2\/","title":{"rendered":"CAPUCHON COBRE P\/PUNTA FARADAY 7\/16"},"content":{"rendered":"<p>El capuch\u00f3n para terminaci\u00f3n de punta simple est\u00e1 fabricado en aleaci\u00f3n de bronce y acabado pulido, se usa en sistemas de tierra basados en Jaula Faraday. Est\u00e1 dise\u00f1ado para mantener la conductividad el\u00e9ctrica del sistema y proporcionando seguridad al usuario ya que elimina la punta aguda en el sistema.<\/p>\n","protected":false},"excerpt":{"rendered":"<p>El capuch\u00f3n para terminaci\u00f3n de punta simple est\u00e1 fabricado en aleaci\u00f3n de bronce y acabado pulido, &#8230;<\/p>\n","protected":false},"featured_media":26478,"comment_status":"open","ping_status":"closed","template":"","meta":{"_joinchat":[]},"product_brand":[],"product_cat":[151],"product_tag":[158],"class_list":{"0":"post-26483","1":"product","2":"type-product","3":"status-publish","4":"has-post-thumbnail","6":"product_cat-grounding-systems-and-lightning-rods","7":"product_tag-en","9":"first","10":"instock","11":"taxable","12":"shipping-taxable","13":"purchasable","14":"product-type-simple"},"_links":{"self":[{"href":"https:\/\/amesa.grupoibiz.com.mx\/en\/wp-json\/wp\/v2\/product\/26483","targetHints":{"allow":["GET"]}}],"collection":[{"href":"https:\/\/amesa.grupoibiz.com.mx\/en\/wp-json\/wp\/v2\/product"}],"about":[{"href":"https:\/\/amesa.grupoibiz.com.mx\/en\/wp-json\/wp\/v2\/types\/product"}],"replies":[{"embeddable":true,"href":"https:\/\/amesa.grupoibiz.com.mx\/en\/wp-json\/wp\/v2\/comments?post=26483"}],"wp:featuredmedia":[{"embeddable":true,"href":"https:\/\/amesa.grupoibiz.com.mx\/en\/wp-json\/wp\/v2\/media\/26478"}],"wp:attachment":[{"href":"https:\/\/amesa.grupoibiz.com.mx\/en\/wp-json\/wp\/v2\/media?parent=26483"}],"wp:term":[{"taxonomy":"product_brand","embeddable":true,"href":"https:\/\/amesa.grupoibiz.com.mx\/en\/wp-json\/wp\/v2\/product_brand?post=26483"},{"taxonomy":"product_cat","embeddable":true,"href":"https:\/\/amesa.grupoibiz.com.mx\/en\/wp-json\/wp\/v2\/product_cat?post=26483"},{"taxonomy":"product_tag","embeddable":true,"href":"https:\/\/amesa.grupoibiz.com.mx\/en\/wp-json\/wp\/v2\/product_tag?post=26483"}],"curies":[{"name":"wp","href":"https:\/\/api.w.org\/{rel}","templated":true}]}}